{"id":11,"date":"2025-06-23T17:46:31","date_gmt":"2025-06-23T15:46:31","guid":{"rendered":"https:\/\/eiragency.com\/?page_id=11"},"modified":"2026-02-26T23:43:54","modified_gmt":"2026-02-26T22:43:54","slug":"accueil","status":"publish","type":"page","link":"https:\/\/eiragency.com\/","title":{"rendered":"Accueil"},"content":{"rendered":"\n<div class=\"wp-block-cover alignfull has-parallax wp-duotone-unset-2\" style=\"padding-top:17%;padding-bottom:3rem;min-height:773px;aspect-ratio:unset;\"><div class=\"wp-block-cover__image-background wp-image-784 size-full has-parallax\" style=\"background-position:50% 50%;background-image:url(http:\/\/eiragency.com\/wp-content\/uploads\/2025\/10\/Accueil_EIR-AGENCY_2.webp)\"><\/div><span aria-hidden=\"true\" class=\"wp-block-cover__background has-background-dim-60 has-background-dim wp-block-cover__gradient-background has-background-gradient\" style=\"background:linear-gradient(6deg,rgb(9,16,26) 20%,rgba(60,87,110,0) 79%)\"><\/span><div class=\"wp-block-cover__inner-container has-global-padding is-layout-constrained wp-container-core-cover-is-layout-d753cc83 wp-block-cover-is-layout-constrained\">\n<div class=\"wp-block-group alignwide is-vertical is-content-justification-center is-nowrap is-layout-flex wp-container-core-group-is-layout-f86f678a wp-block-group-is-layout-flex\" style=\"min-height:520px;margin-top:0;margin-bottom:0;line-height:1.5\">\n<div class=\"wp-block-group has-global-padding is-content-justification-center is-layout-constrained wp-container-core-group-is-layout-da1b2e42 wp-block-group-is-layout-constrained\">\n<div class=\"wp-block-group has-global-padding is-layout-constrained wp-block-group-is-layout-constrained\">\n<div class=\"wp-block-group has-global-padding is-layout-constrained wp-container-core-group-is-layout-e0082cf6 wp-block-group-is-layout-constrained\">\n<h2 class=\"wp-block-heading has-text-align-center alignwide has-text-color has-system-font-font-family\" id=\"0-boostez-votre-marque\" style=\"color:#fffffd;margin-top:0;margin-right:0;margin-bottom:0rem;margin-left:0;font-size:clamp(3.195rem, 3.195rem + ((1vw - 0.2rem) * 5.827), 6.4rem);font-style:normal;font-weight:500;line-height:1\">Votre agence <br>de communication<\/h2>\n\n\n\n<h2 class=\"wp-block-heading has-text-align-center\" id=\"1-solutions-cr%C3%A9atives-et-innovantes-\" style=\"font-size:clamp(30.232px, 1.89rem + ((1vw - 3.2px) * 2.587), 53px);line-height:1\">Print &amp; Digital<\/h2>\n<\/div>\n<\/div>\n\n\n\n<div class=\"wp-block-group alignfull has-global-padding is-layout-constrained wp-container-core-group-is-layout-f2082fed wp-block-group-is-layout-constrained\" style=\"margin-top:5.5rem;padding-right:0px;padding-left:0px\">\n<div class=\"wp-block-group has-global-padding is-content-justification-center is-layout-constrained wp-container-core-group-is-layout-2f0bcb29 wp-block-group-is-layout-constrained\" style=\"margin-top:0px\">\n<div class=\"wp-block-buttons is-horizontal is-content-justification-right is-layout-flex wp-container-core-buttons-is-layout-099266fd wp-block-buttons-is-layout-flex\" style=\"margin-top:0.51rem\">\n<div class=\"wp-block-button has-custom-width wp-block-button__width-100 is-style-outline is-style-outline--1\"><a class=\"wp-block-button__link has-text-color has-system-font-font-family has-custom-font-size wp-element-button\" href=\"https:\/\/eiragency.com\/index.php\/contact\/\" style=\"border-width:2px;border-radius:20rem;color:#fffffd;padding-top:0.5rem;padding-right:0rem;padding-bottom:0.5rem;padding-left:0rem;font-size:clamp(0.875rem, 0.875rem + ((1vw - 0.2rem) * 0.245), 1.01rem);font-style:normal;font-weight:600;line-height:1.5;text-transform:none\">Contacter l&rsquo;agence<\/a><\/div>\n<\/div>\n<\/div>\n<\/div>\n<\/div>\n<\/div>\n<\/div><\/div>\n\n\n\n<section class=\"wp-block-group alignfull has-background has-global-padding is-layout-constrained wp-container-core-group-is-layout-f26758ce wp-block-group-is-layout-constrained\" style=\"background-color:#ffffff;margin-top:0px;padding-top:1.9rem;padding-right:var(--wp--preset--spacing--40);padding-bottom:1.9rem;padding-left:0;font-size:clamp(0.875rem, 0.875rem + ((1vw - 0.2rem) * 0.464), 1.13rem);font-style:normal;font-weight:400;line-height:1.4\">\n<div class=\"wp-block-columns is-layout-flex wp-container-core-columns-is-layout-898cd8e8 wp-block-columns-is-layout-flex\" style=\"margin-top:0;margin-bottom:0px\">\n<div class=\"wp-block-column is-vertically-aligned-center is-layout-flow wp-block-column-is-layout-flow\" style=\"padding-right:1rem;padding-left:1rem;flex-basis:35%\">\n<figure class=\"wp-block-image aligncenter size-full is-resized has-custom-border\" style=\"margin-right:0;margin-left:0\"><img fetchpriority=\"high\" decoding=\"async\" width=\"1024\" height=\"1024\" src=\"http:\/\/eiragency.com\/wp-content\/uploads\/2025\/09\/Femme-Facade-publicitaire_EIR-AGENCY_WEB.webp\" alt=\"\" class=\"wp-image-466\" style=\"border-radius:15px;aspect-ratio:1;object-fit:cover;width:390px;height:auto\"\/><\/figure>\n<\/div>\n\n\n\n<div class=\"wp-block-column has-global-padding is-content-justification-center is-layout-constrained wp-container-core-column-is-layout-ea30055e wp-block-column-is-layout-constrained\" style=\"padding-top:0rem;padding-left:0\">\n<div class=\"wp-block-group has-global-padding is-layout-constrained wp-container-core-group-is-layout-6d602cae wp-block-group-is-layout-constrained\" style=\"min-height:100%;padding-right:var(--wp--preset--spacing--50);padding-left:var(--wp--preset--spacing--50)\">\n<h3 class=\"wp-block-heading has-text-align-left has-text-color has-system-font-font-family\" id=\"2-construire-ensemble-votre-succ%C3%A8s\" style=\"color:#345067;margin-top:0rem;margin-bottom:var(--wp--preset--spacing--40);font-size:clamp(31.152px, 1.947rem + ((1vw - 3.2px) * 2.71), 55px);font-style:normal;font-weight:500;letter-spacing:0px;line-height:1.1\">Construire ensemble <br>votre succ\u00e8s<\/h3>\n\n\n\n<p class=\"has-text-align-left has-text-color has-system-font-font-family\" style=\"color:#010101;margin-top:0rem;margin-bottom:var(--wp--preset--spacing--20);font-size:clamp(0.875rem, 0.875rem + ((1vw - 0.2rem) * 0.245), 1.01rem);font-style:normal;font-weight:400;line-height:1.5\">Chez <strong>EIR AGENCY<\/strong>, nous croyons au pouvoir de la cr\u00e9ativit\u00e9, de l\u2019innovation et de la communication bien pens\u00e9e. <\/p>\n\n\n\n<p class=\"has-text-align-left has-text-color has-system-font-font-family\" style=\"color:#010101;margin-top:0rem;margin-right:0rem;margin-bottom:var(--wp--preset--spacing--20);font-size:clamp(0.875rem, 0.875rem + ((1vw - 0.2rem) * 0.245), 1.01rem);font-style:normal;font-weight:400;line-height:1.5\">L\u2019agence est n\u00e9e d\u2019une id\u00e9e simple mais ambitieuse : accompagner les marques, entreprises, entrepreneurs, artistes et tous cr\u00e9ateurs dans un monde en constante \u00e9volution, en alliant design, strat\u00e9gie et technologies de pointe.<\/p>\n\n\n\n<p class=\"has-text-align-left has-text-color has-system-font-font-family\" style=\"color:#010101;margin-top:0rem;margin-right:0rem;margin-bottom:var(--wp--preset--spacing--20);font-size:clamp(0.875rem, 0.875rem + ((1vw - 0.2rem) * 0.245), 1.01rem);font-style:normal;font-weight:400;line-height:1.5\">Gr\u00e2ce \u00e0 une approche agile et aux nouveaux outils l&rsquo;agence con\u00e7oit des solutions sur-mesure, efficaces et impactantes. <\/p>\n\n\n\n<p class=\"has-text-align-left has-text-color has-system-font-font-family\" style=\"color:#010101;margin-top:0rem;margin-right:0rem;margin-bottom:0;font-size:clamp(0.875rem, 0.875rem + ((1vw - 0.2rem) * 0.245), 1.01rem);font-style:normal;font-weight:400;line-height:1.5\">Designs percutants, contenus engageants, strat\u00e9gies digitales : chaque projet est pens\u00e9 pour s\u2019adapter \u00e0 vos besoins r\u00e9els et cr\u00e9er une vraie valeur.<\/p>\n\n\n\n<div class=\"wp-block-group has-global-padding is-content-justification-center is-layout-constrained wp-container-core-group-is-layout-83a472b2 wp-block-group-is-layout-constrained\" style=\"margin-top:13px;padding-top:0;padding-bottom:0\">\n<div class=\"wp-block-buttons is-horizontal is-content-justification-right is-layout-flex wp-container-core-buttons-is-layout-099266fd wp-block-buttons-is-layout-flex\" style=\"margin-top:0.51rem\">\n<div class=\"wp-block-button has-custom-width wp-block-button__width-100 is-style-fill\"><a class=\"wp-block-button__link has-text-color has-background has-custom-font-size wp-element-button\" href=\"https:\/\/eiragency.com\/index.php\/a-propos\/\" style=\"border-style:none;border-width:0px;border-radius:20rem;color:#fffffd;background:linear-gradient(4deg,rgb(9,16,26) 0%,rgb(61,87,110) 100%);padding-top:0.71rem;padding-right:0.31rem;padding-bottom:0.71rem;padding-left:0.31rem;font-size:clamp(0.875rem, 0.875rem + ((1vw - 0.2rem) * 0.245), 1.01rem);font-style:normal;font-weight:600;line-height:1.5;text-transform:none\">D\u00e9couvrez-en plus !<\/a><\/div>\n<\/div>\n<\/div>\n<\/div>\n<\/div>\n<\/div>\n<\/section>\n\n\n\n<div class=\"wp-block-cover alignfull\" style=\"margin-top:0px;margin-bottom:0px;padding-top:3rem;padding-bottom:3rem;min-height:544px;aspect-ratio:unset;\"><span aria-hidden=\"true\" class=\"wp-block-cover__background has-background-dim-100 has-background-dim has-background-gradient\" style=\"background:linear-gradient(180deg,rgb(9,16,26) 0%,rgb(61,87,110) 100%)\"><\/span><div class=\"wp-block-cover__inner-container has-global-padding is-layout-constrained wp-container-core-cover-is-layout-8a013858 wp-block-cover-is-layout-constrained\">\n<h2 class=\"wp-block-heading alignfull has-text-align-center has-text-color has-link-color wp-elements-3e3e6bf10b14f2e4066b1709679b42aa\" style=\"border-top-left-radius:100px;border-top-right-radius:100px;border-bottom-left-radius:100px;border-bottom-right-radius:100px;color:#ffffff;margin-bottom:var(--wp--preset--spacing--60);font-size:clamp(33.867px, 2.117rem + ((1vw - 3.2px) * 3.083), 61px);\">Toutes les prestations<\/h2>\n\n\n\n<div class=\"wp-block-cb-carousel-v2 alignfull cb-carousel-block\" data-cb-slides-per-view=\"1\" data-cb-slides-per-group=\"1\" data-cb-space-between=\"15\" data-cb-speed=\"200\" data-cb-navigation=\"true\" data-cb-pagination=\"true\" data-cb-loop=\"true\" data-cb-autoplay=\"true\" data-cb-autoplay-speed=\"4000\" data-cb-breakpoints=\"{&quot;768&quot;:{&quot;slidesPerView&quot;:4,&quot;slidesPerGroup&quot;:1}}\"><div class=\"swiper\"><div class=\"cb-wrapper swiper-wrapper\">\n<div class=\"wp-block-cb-slide-v2 cb-slide swiper-slide\">\n<figure class=\"wp-block-image size-full has-custom-border is-style-rounded\" style=\"margin-top:0;margin-bottom:0\"><img decoding=\"async\" width=\"1138\" height=\"864\" src=\"https:\/\/eiragency.com\/wp-content\/uploads\/2025\/12\/Conseils-Strategie_BG-Bleu_EIR-AGENCY.png\" alt=\"\" class=\"wp-image-1184\" style=\"border-top-left-radius:15px;border-top-right-radius:15px;border-bottom-left-radius:15px;border-bottom-right-radius:15px;aspect-ratio:4\/3;object-fit:cover\" srcset=\"https:\/\/eiragency.com\/wp-content\/uploads\/2025\/12\/Conseils-Strategie_BG-Bleu_EIR-AGENCY.png 1138w, https:\/\/eiragency.com\/wp-content\/uploads\/2025\/12\/Conseils-Strategie_BG-Bleu_EIR-AGENCY-300x228.png 300w, https:\/\/eiragency.com\/wp-content\/uploads\/2025\/12\/Conseils-Strategie_BG-Bleu_EIR-AGENCY-1024x777.png 1024w, https:\/\/eiragency.com\/wp-content\/uploads\/2025\/12\/Conseils-Strategie_BG-Bleu_EIR-AGENCY-768x583.png 768w\" sizes=\"(max-width: 1138px) 100vw, 1138px\" \/><\/figure>\n\n\n\n<p class=\"has-text-align-center has-medium-font-size\" style=\"border-style:none;border-width:0px;border-top-left-radius:0px;border-top-right-radius:0px;border-bottom-left-radius:0px;border-bottom-right-radius:0px\">Conseils &amp; Strat\u00e9gie<\/p>\n<\/div>\n\n\n\n<div class=\"wp-block-cb-slide-v2 cb-slide swiper-slide\">\n<figure class=\"wp-block-image size-large has-custom-border is-style-rounded\"><img decoding=\"async\" width=\"1024\" height=\"761\" src=\"https:\/\/eiragency.com\/wp-content\/uploads\/2025\/10\/Logo-Charte-graphique_EIR-AGENCY-scaled-e1759963899659-1024x761.webp\" alt=\"\" class=\"wp-image-763\" style=\"border-top-left-radius:15px;border-top-right-radius:15px;border-bottom-left-radius:15px;border-bottom-right-radius:15px;aspect-ratio:4\/3;object-fit:cover\" srcset=\"https:\/\/eiragency.com\/wp-content\/uploads\/2025\/10\/Logo-Charte-graphique_EIR-AGENCY-scaled-e1759963899659-1024x761.webp 1024w, https:\/\/eiragency.com\/wp-content\/uploads\/2025\/10\/Logo-Charte-graphique_EIR-AGENCY-scaled-e1759963899659-300x223.webp 300w, https:\/\/eiragency.com\/wp-content\/uploads\/2025\/10\/Logo-Charte-graphique_EIR-AGENCY-scaled-e1759963899659-768x571.webp 768w, https:\/\/eiragency.com\/wp-content\/uploads\/2025\/10\/Logo-Charte-graphique_EIR-AGENCY-scaled-e1759963899659-1536x1142.webp 1536w, https:\/\/eiragency.com\/wp-content\/uploads\/2025\/10\/Logo-Charte-graphique_EIR-AGENCY-scaled-e1759963899659.webp 1920w\" sizes=\"(max-width: 1024px) 100vw, 1024px\" \/><\/figure>\n\n\n\n<p class=\"has-text-align-center has-medium-font-size\">Logo &amp; Charte graphique<\/p>\n<\/div>\n\n\n\n<div class=\"wp-block-cb-slide-v2 cb-slide swiper-slide\">\n<figure class=\"wp-block-image size-large has-custom-border is-style-rounded\"><img loading=\"lazy\" decoding=\"async\" width=\"1024\" height=\"768\" src=\"https:\/\/eiragency.com\/wp-content\/uploads\/2025\/12\/Supports-imprimes-Print_EIR-AGENCY-1024x768.webp\" alt=\"\" class=\"wp-image-823\" style=\"border-top-left-radius:15px;border-top-right-radius:15px;border-bottom-left-radius:15px;border-bottom-right-radius:15px;aspect-ratio:4\/3;object-fit:cover\" srcset=\"https:\/\/eiragency.com\/wp-content\/uploads\/2025\/12\/Supports-imprimes-Print_EIR-AGENCY-1024x768.webp 1024w, https:\/\/eiragency.com\/wp-content\/uploads\/2025\/12\/Supports-imprimes-Print_EIR-AGENCY-300x225.webp 300w, https:\/\/eiragency.com\/wp-content\/uploads\/2025\/12\/Supports-imprimes-Print_EIR-AGENCY-768x576.webp 768w, https:\/\/eiragency.com\/wp-content\/uploads\/2025\/12\/Supports-imprimes-Print_EIR-AGENCY-scaled.webp 1920w\" sizes=\"(max-width: 1024px) 100vw, 1024px\" \/><\/figure>\n\n\n\n<p class=\"has-text-align-center has-medium-font-size\">Supports imprim\u00e9s<\/p>\n<\/div>\n\n\n\n<div class=\"wp-block-cb-slide-v2 cb-slide swiper-slide\">\n<figure class=\"wp-block-image size-large has-custom-border is-style-rounded\"><img loading=\"lazy\" decoding=\"async\" width=\"1024\" height=\"683\" src=\"https:\/\/eiragency.com\/wp-content\/uploads\/2025\/12\/Supports-numeriques-Webdesign_EIR-AGENCY_3-1024x683.jpg\" alt=\"\" class=\"wp-image-1188\" style=\"border-top-left-radius:15px;border-top-right-radius:15px;border-bottom-left-radius:15px;border-bottom-right-radius:15px;aspect-ratio:4\/3;object-fit:cover\" srcset=\"https:\/\/eiragency.com\/wp-content\/uploads\/2025\/12\/Supports-numeriques-Webdesign_EIR-AGENCY_3-1024x683.jpg 1024w, https:\/\/eiragency.com\/wp-content\/uploads\/2025\/12\/Supports-numeriques-Webdesign_EIR-AGENCY_3-300x200.jpg 300w, https:\/\/eiragency.com\/wp-content\/uploads\/2025\/12\/Supports-numeriques-Webdesign_EIR-AGENCY_3-768x512.jpg 768w, https:\/\/eiragency.com\/wp-content\/uploads\/2025\/12\/Supports-numeriques-Webdesign_EIR-AGENCY_3-1536x1024.jpg 1536w, https:\/\/eiragency.com\/wp-content\/uploads\/2025\/12\/Supports-numeriques-Webdesign_EIR-AGENCY_3-2048x1365.jpg 2048w\" sizes=\"(max-width: 1024px) 100vw, 1024px\" \/><\/figure>\n\n\n\n<p class=\"has-text-align-center has-medium-font-size\">Supports digitaux<\/p>\n<\/div>\n\n\n\n<div class=\"wp-block-cb-slide-v2 cb-slide swiper-slide\">\n<figure class=\"wp-block-image size-full has-custom-border is-style-rounded\"><img loading=\"lazy\" decoding=\"async\" width=\"2276\" height=\"1707\" src=\"https:\/\/eiragency.com\/wp-content\/uploads\/2025\/12\/Photographe-graphiste-modele-studio_EIR-AGENCY-edited.jpg\" alt=\"\" class=\"wp-image-1200\" style=\"border-top-left-radius:15px;border-top-right-radius:15px;border-bottom-left-radius:15px;border-bottom-right-radius:15px;aspect-ratio:4\/3;object-fit:cover\" srcset=\"https:\/\/eiragency.com\/wp-content\/uploads\/2025\/12\/Photographe-graphiste-modele-studio_EIR-AGENCY-edited.jpg 2276w, https:\/\/eiragency.com\/wp-content\/uploads\/2025\/12\/Photographe-graphiste-modele-studio_EIR-AGENCY-edited-300x225.jpg 300w, https:\/\/eiragency.com\/wp-content\/uploads\/2025\/12\/Photographe-graphiste-modele-studio_EIR-AGENCY-edited-1024x768.jpg 1024w, https:\/\/eiragency.com\/wp-content\/uploads\/2025\/12\/Photographe-graphiste-modele-studio_EIR-AGENCY-edited-768x576.jpg 768w, https:\/\/eiragency.com\/wp-content\/uploads\/2025\/12\/Photographe-graphiste-modele-studio_EIR-AGENCY-edited-1536x1152.jpg 1536w, https:\/\/eiragency.com\/wp-content\/uploads\/2025\/12\/Photographe-graphiste-modele-studio_EIR-AGENCY-edited-2048x1536.jpg 2048w\" sizes=\"(max-width: 2276px) 100vw, 2276px\" \/><\/figure>\n\n\n\n<p class=\"has-text-align-center has-medium-font-size\">Photographie &amp; Retouche<\/p>\n<\/div>\n\n\n\n<div class=\"wp-block-cb-slide-v2 cb-slide swiper-slide\">\n<figure class=\"wp-block-image size-full has-custom-border is-style-rounded\"><img loading=\"lazy\" decoding=\"async\" width=\"1146\" height=\"860\" src=\"https:\/\/eiragency.com\/wp-content\/uploads\/2026\/01\/Video-Animation_EIR-AGENCY-Access-video-edited.jpg\" alt=\"\" class=\"wp-image-1302\" style=\"border-top-left-radius:15px;border-top-right-radius:15px;border-bottom-left-radius:15px;border-bottom-right-radius:15px;aspect-ratio:4\/3;object-fit:cover\" srcset=\"https:\/\/eiragency.com\/wp-content\/uploads\/2026\/01\/Video-Animation_EIR-AGENCY-Access-video-edited.jpg 1146w, https:\/\/eiragency.com\/wp-content\/uploads\/2026\/01\/Video-Animation_EIR-AGENCY-Access-video-edited-300x225.jpg 300w, https:\/\/eiragency.com\/wp-content\/uploads\/2026\/01\/Video-Animation_EIR-AGENCY-Access-video-edited-1024x768.jpg 1024w, https:\/\/eiragency.com\/wp-content\/uploads\/2026\/01\/Video-Animation_EIR-AGENCY-Access-video-edited-768x576.jpg 768w\" sizes=\"(max-width: 1146px) 100vw, 1146px\" \/><\/figure>\n\n\n\n<p class=\"has-text-align-center has-medium-font-size\">Vid\u00e9o &amp; Animation<\/p>\n<\/div>\n\n\n\n<div class=\"wp-block-cb-slide-v2 cb-slide swiper-slide\">\n<figure class=\"wp-block-image size-full has-custom-border is-style-rounded\"><img decoding=\"async\" src=\"https:\/\/eiragency.com\/wp-content\/uploads\/2025\/12\/Reseaux-sociaux-telephone-ecran_BG-Bleu_EIR-AGENCY.jpg\" alt=\"\" class=\"wp-image-1179\" style=\"border-top-left-radius:15px;border-top-right-radius:15px;border-bottom-left-radius:15px;border-bottom-right-radius:15px;aspect-ratio:4\/3;object-fit:cover\"\/><\/figure>\n\n\n\n<p class=\"has-text-align-center has-medium-font-size\">Community Management<\/p>\n<\/div>\n\n\n\n<div class=\"wp-block-cb-slide-v2 cb-slide swiper-slide\">\n<figure class=\"wp-block-image size-full has-custom-border is-style-rounded\"><img loading=\"lazy\" decoding=\"async\" width=\"993\" height=\"794\" src=\"https:\/\/eiragency.com\/wp-content\/uploads\/2025\/12\/Acommpagnement-unique_EIR-AGENCY_2.jpg\" alt=\"\" class=\"wp-image-1229\" style=\"border-top-left-radius:15px;border-top-right-radius:15px;border-bottom-left-radius:15px;border-bottom-right-radius:15px;aspect-ratio:4\/3;object-fit:cover\" srcset=\"https:\/\/eiragency.com\/wp-content\/uploads\/2025\/12\/Acommpagnement-unique_EIR-AGENCY_2.jpg 993w, https:\/\/eiragency.com\/wp-content\/uploads\/2025\/12\/Acommpagnement-unique_EIR-AGENCY_2-300x240.jpg 300w, https:\/\/eiragency.com\/wp-content\/uploads\/2025\/12\/Acommpagnement-unique_EIR-AGENCY_2-768x614.jpg 768w\" sizes=\"(max-width: 993px) 100vw, 993px\" \/><\/figure>\n\n\n\n<p class=\"has-text-align-center has-medium-font-size\">Formations &amp; Ateliers<\/p>\n<\/div>\n<\/div><\/div><div class=\"cb-pagination swiper-pagination\"><\/div><div class=\"cb-button-prev swiper-button-prev\"><\/div><div class=\"cb-button-next swiper-button-next\"><\/div><\/div>\n\n\n\n<div class=\"wp-block-group has-global-padding is-content-justification-center is-layout-constrained wp-container-core-group-is-layout-5b5008f7 wp-block-group-is-layout-constrained\" style=\"margin-top:41px\">\n<div class=\"wp-block-buttons is-horizontal is-content-justification-right is-layout-flex wp-container-core-buttons-is-layout-099266fd wp-block-buttons-is-layout-flex\" style=\"margin-top:0.51rem\">\n<div class=\"wp-block-button has-custom-width wp-block-button__width-100 is-style-outline is-style-outline--3\"><a class=\"wp-block-button__link has-text-color has-system-font-font-family has-custom-font-size wp-element-button\" href=\"https:\/\/eiragency.com\/index.php\/services\/\" style=\"border-width:1px;border-radius:20rem;color:#fffffd;padding-top:0.5rem;padding-right:0rem;padding-bottom:0.5rem;padding-left:0rem;font-size:clamp(0.875rem, 0.875rem + ((1vw - 0.2rem) * 0.245), 1.01rem);font-style:normal;font-weight:600;line-height:1.5;text-transform:none\">En savoir plus<\/a><\/div>\n<\/div>\n<\/div>\n<\/div><\/div>\n\n\n\n<section class=\"wp-block-cover alignfull has-parallax\" style=\"margin-top:0px;padding-top:1.01rem;padding-bottom:1.01rem;min-height:430px;aspect-ratio:unset;\"><div class=\"wp-block-cover__image-background wp-image-1007 size-full has-parallax\" style=\"background-position:50% 50%;background-image:url(https:\/\/eiragency.com\/wp-content\/uploads\/2025\/12\/luca-bravo-198062-unsplash.jpg)\"><\/div><span aria-hidden=\"true\" class=\"wp-block-cover__background has-custom-bg-1-background-color has-background-dim-70 has-background-dim\"><\/span><div class=\"wp-block-cover__inner-container has-global-padding is-layout-constrained wp-container-core-cover-is-layout-b1bebcb3 wp-block-cover-is-layout-constrained\">\n<div class=\"wp-block-group has-text-color is-layout-flow wp-block-group-is-layout-flow\" style=\"color:#fffffd;margin-top:0px;padding-top:0rem;padding-right:1rem;padding-bottom:0rem;padding-left:1rem;font-size:clamp(0.875rem, 0.875rem + ((1vw - 0.2rem) * 0.464), 1.13rem);font-style:normal;font-weight:400;line-height:1.4\">\n<div class=\"wp-block-group has-global-padding is-layout-constrained wp-container-core-group-is-layout-bdbfdc43 wp-block-group-is-layout-constrained\">\n<p class=\"has-text-align-center has-text-color\" style=\"color:#fffffd;margin-bottom:0rem;font-size:clamp(1.301rem, 1.301rem + ((1vw - 0.2rem) * 1.453), 2.1rem);font-style:normal;font-weight:400;line-height:1.2\"><strong>Le premier \u00e9change est gratuit et sans engagement<\/strong>  <br>l\u2019occasion de faire le point sur vos besoins, vos objectifs, et de voir comment l&rsquo;agence peut vous accompagner.<\/p>\n<\/div>\n\n\n\n<div class=\"wp-block-group is-vertical is-content-justification-stretch is-layout-flex wp-container-core-group-is-layout-bfdebe91 wp-block-group-is-layout-flex\" style=\"margin-top:1.81rem;padding-right:0px;padding-left:0px\">\n<div class=\"wp-block-group has-global-padding is-content-justification-center is-layout-constrained wp-container-core-group-is-layout-2033de1a wp-block-group-is-layout-constrained\" style=\"margin-top:0px\">\n<div class=\"wp-block-buttons alignwide is-horizontal is-content-justification-right is-layout-flex wp-container-core-buttons-is-layout-099266fd wp-block-buttons-is-layout-flex\" style=\"margin-top:0.51rem\">\n<div class=\"wp-block-button has-custom-width wp-block-button__width-100 is-style-outline is-style-outline--4\"><a class=\"wp-block-button__link has-custom-bg-1-background-color has-text-color has-background has-text-align-center has-custom-font-size wp-element-button\" href=\"https:\/\/eiragency.com\/index.php\/contact\/\" style=\"border-width:2px;border-radius:20rem;color:#fffffd;padding-top:0.5rem;padding-right:0rem;padding-bottom:0.5rem;padding-left:0rem;font-size:clamp(0.875rem, 0.875rem + ((1vw - 0.2rem) * 0.227), 1rem);font-style:normal;font-weight:600;line-height:1.5;text-transform:none\">Demander un devis gratuit<\/a><\/div>\n<\/div>\n<\/div>\n<\/div>\n<\/div>\n<\/div><\/section>\n","protected":false},"excerpt":{"rendered":"<p>Construire ensemble votre succ\u00e8s Chez EIR AGENCY, nous croyons au pouvoir de la cr\u00e9ativit\u00e9, de l\u2019innovation et de la communication bien pens\u00e9e. L\u2019agence est n\u00e9e d\u2019une id\u00e9e simple mais ambitieuse : accompagner les marques, entreprises, entrepreneurs, artistes et tous cr\u00e9ateurs dans un monde en constante \u00e9volution, en alliant design, strat\u00e9gie et technologies de pointe. Gr\u00e2ce [&hellip;]<\/p>\n","protected":false},"author":1,"featured_media":0,"parent":0,"menu_order":0,"comment_status":"closed","ping_status":"closed","template":"","meta":{"footnotes":""},"class_list":["post-11","page","type-page","status-publish","hentry"],"featured_image_src":null,"_links":{"self":[{"href":"https:\/\/eiragency.com\/index.php\/wp-json\/wp\/v2\/pages\/11","targetHints":{"allow":["GET"]}}],"collection":[{"href":"https:\/\/eiragency.com\/index.php\/wp-json\/wp\/v2\/pages"}],"about":[{"href":"https:\/\/eiragency.com\/index.php\/wp-json\/wp\/v2\/types\/page"}],"author":[{"embeddable":true,"href":"https:\/\/eiragency.com\/index.php\/wp-json\/wp\/v2\/users\/1"}],"replies":[{"embeddable":true,"href":"https:\/\/eiragency.com\/index.php\/wp-json\/wp\/v2\/comments?post=11"}],"version-history":[{"count":219,"href":"https:\/\/eiragency.com\/index.php\/wp-json\/wp\/v2\/pages\/11\/revisions"}],"predecessor-version":[{"id":1453,"href":"https:\/\/eiragency.com\/index.php\/wp-json\/wp\/v2\/pages\/11\/revisions\/1453"}],"wp:attachment":[{"href":"https:\/\/eiragency.com\/index.php\/wp-json\/wp\/v2\/media?parent=11"}],"curies":[{"name":"wp","href":"https:\/\/api.w.org\/{rel}","templated":true}]}}