{"id":14,"date":"2025-06-23T17:48:26","date_gmt":"2025-06-23T15:48:26","guid":{"rendered":"https:\/\/eiragency.com\/?page_id=14"},"modified":"2026-01-03T14:15:08","modified_gmt":"2026-01-03T13:15:08","slug":"a-propos","status":"publish","type":"page","link":"https:\/\/eiragency.com\/index.php\/a-propos\/","title":{"rendered":"\u00c0 propos"},"content":{"rendered":"\n<div class=\"wp-block-cover alignfull has-aspect-ratio\" style=\"margin-top:0;margin-bottom:0;padding-top:0px;padding-bottom:80px;min-height:300px;aspect-ratio:auto;min-height:unset;\"><img fetchpriority=\"high\" decoding=\"async\" width=\"1024\" height=\"766\" class=\"wp-block-cover__image-background wp-image-929 size-full\" alt=\"\" src=\"https:\/\/eiragency.com\/wp-content\/uploads\/2025\/12\/Impression-lumineuse_Humain-e1765317571845.jpg\" data-object-fit=\"cover\" srcset=\"https:\/\/eiragency.com\/wp-content\/uploads\/2025\/12\/Impression-lumineuse_Humain-e1765317571845.jpg 1024w, https:\/\/eiragency.com\/wp-content\/uploads\/2025\/12\/Impression-lumineuse_Humain-e1765317571845-300x224.jpg 300w, https:\/\/eiragency.com\/wp-content\/uploads\/2025\/12\/Impression-lumineuse_Humain-e1765317571845-768x575.jpg 768w\" sizes=\"(max-width: 1024px) 100vw, 1024px\" \/><span aria-hidden=\"true\" class=\"wp-block-cover__background has-background-dim wp-block-cover__gradient-background has-background-gradient\" style=\"background:linear-gradient(2deg,rgba(0,0,0,0) 0%,rgb(0,0,0) 39%,rgba(0,0,0,0) 100%)\"><\/span><div class=\"wp-block-cover__inner-container has-global-padding is-layout-constrained wp-container-core-cover-is-layout-d4c6b484 wp-block-cover-is-layout-constrained\">\n<div style=\"height:150px\" aria-hidden=\"true\" class=\"wp-block-spacer\"><\/div>\n\n\n\n<h1 class=\"wp-block-heading has-text-align-center has-text-color has-link-color has-suranna-font-family wp-elements-b0a93d7675698416502d6f094884f4dd\" style=\"color:#ffffff;font-size:clamp(38.682px, 2.418rem + ((1vw - 3.2px) * 3.786), 72px);font-style:normal;font-weight:500\"><strong>L&rsquo;humain <br>derri\u00e8re l&rsquo;entreprise<\/strong><\/h1>\n<\/div><\/div>\n\n\n\n<section class=\"wp-block-group alignfull has-background has-global-padding is-layout-constrained wp-container-core-group-is-layout-08f243a1 wp-block-group-is-layout-constrained\" style=\"background-color:#ffffff;margin-top:0px;padding-top:2.5rem;padding-right:0;padding-bottom:0rem;padding-left:0;font-size:clamp(0.875rem, 0.875rem + ((1vw - 0.2rem) * 0.464), 1.13rem);font-style:normal;font-weight:400;line-height:1.4\">\n<div class=\"wp-block-columns is-layout-flex wp-container-core-columns-is-layout-898cd8e8 wp-block-columns-is-layout-flex\" style=\"margin-top:0;margin-bottom:0px\">\n<div class=\"wp-block-column is-vertically-aligned-top has-global-padding is-content-justification-center is-layout-constrained wp-container-core-column-is-layout-870cac5a wp-block-column-is-layout-constrained\" style=\"padding-top:0rem;padding-right:var(--wp--preset--spacing--40);padding-left:var(--wp--preset--spacing--40)\">\n<div class=\"wp-block-group has-global-padding is-layout-constrained wp-container-core-group-is-layout-e5d51c40 wp-block-group-is-layout-constrained\" style=\"min-height:100%;margin-top:0;margin-bottom:0;padding-right:0;padding-left:0\">\n<h2 class=\"wp-block-heading has-text-align-left has-text-color\" style=\"color:#345067;margin-top:0rem;margin-bottom:var(--wp--preset--spacing--50);font-size:clamp(1.93rem, 1.93rem + ((1vw - 0.2rem) * 2.673), 3.4rem);font-style:normal;font-weight:500;letter-spacing:0px;line-height:1\">Qui suis-je ?<\/h2>\n\n\n\n<p class=\"has-text-align-left has-text-color\" style=\"color:#010101;margin-top:0rem;margin-bottom:var(--wp--preset--spacing--40);font-size:clamp(0.875rem, 0.875rem + ((1vw - 0.2rem) * 0.409), 1.1rem);font-style:normal;font-weight:400;line-height:1.5\">Je suis Pauline, fondatrice de <strong>EIR AGENCY<\/strong>, graphiste passionn\u00e9e par le design graphique, les visions qui fa\u00e7onnent l\u2019identit\u00e9 des marques, les technologies \u00e9mergentes et les nouveaux outils de cr\u00e9ation. Depuis plus de dix ans, j\u2019\u00e9volue dans l\u2019univers du print et du digital, avec une sensibilit\u00e9 particuli\u00e8re pour les projets o\u00f9 strat\u00e9gie, esth\u00e9tique et innovation s\u2019entrelacent.<\/p>\n\n\n\n<p class=\"has-text-align-left has-text-color\" style=\"color:#010101;margin-top:0rem;margin-bottom:var(--wp--preset--spacing--40);font-size:clamp(0.875rem, 0.875rem + ((1vw - 0.2rem) * 0.409), 1.1rem);font-style:normal;font-weight:400;line-height:1.5\">Mon parcours m\u2019a men\u00e9e \u00e0 travailler sur diff\u00e9rents projets pour <strong>La Redoute<\/strong>, <strong>Decathlon<\/strong>, <strong>Century 21<\/strong>, <strong>Flunch<\/strong>, <strong>Schneider Electric<\/strong>, la <strong>Mairie de Marcq-en-Bar\u0153ul<\/strong> et bien d\u2019autres. Ces exp\u00e9riences riches et vari\u00e9es, au sein de secteurs allant du retail \u00e0 l\u2019immobilier, en passant par l\u2019institutionnel, la restauration et le pr\u00eat-\u00e0-porter, m\u2019ont permis d\u2019aff\u00fbter mon sens du d\u00e9tail, ma rigueur et ma capacit\u00e9 d\u2019adaptation. <\/p>\n\n\n\n<p class=\"has-text-align-left has-text-color\" style=\"color:#010101;margin-top:0rem;font-size:clamp(0.875rem, 0.875rem + ((1vw - 0.2rem) * 0.409), 1.1rem);font-style:normal;font-weight:400;line-height:1.5\">J\u2019y ai con\u00e7u des identit\u00e9s visuelles, des campagnes de communication globales, des supports imprim\u00e9s et num\u00e9riques, mais aussi des exp\u00e9riences utilisateurs pens\u00e9es sur mesure. Mon approche repose toujours sur une \u00e9coute active, une exigence cr\u00e9ative et une coh\u00e9rence graphique sans compromis.<\/p>\n<\/div>\n<\/div>\n\n\n\n<div class=\"wp-block-column is-vertically-aligned-center is-layout-flow wp-block-column-is-layout-flow\" style=\"padding-right:0;padding-left:0;flex-basis:35%\">\n<figure class=\"wp-block-image aligncenter size-full is-resized has-custom-border is-style-default\" style=\"margin-right:0;margin-left:0\"><img decoding=\"async\" src=\"https:\/\/eiragency.com\/wp-content\/uploads\/2025\/06\/Pauline_Vaz-Figueira_photo-corporate_EIR-AGENCY-scaled.jpg\" alt=\"\" class=\"wp-image-80\" style=\"border-radius:15px;aspect-ratio:0.7996155694377703;width:360px;height:auto\"\/><\/figure>\n<\/div>\n<\/div>\n<\/section>\n\n\n\n<div class=\"wp-block-group has-global-padding is-content-justification-center is-layout-constrained wp-container-core-group-is-layout-dc06fb1d wp-block-group-is-layout-constrained\">\n<div class=\"wp-block-columns alignfull is-layout-flex wp-container-core-columns-is-layout-ae70854c wp-block-columns-is-layout-flex\" style=\"border-style:none;border-width:0px;padding-right:0;padding-left:0\">\n<div class=\"wp-block-column has-global-padding is-content-justification-center is-layout-constrained wp-container-core-column-is-layout-b3365931 wp-block-column-is-layout-constrained\" style=\"padding-right:var(--wp--preset--spacing--40);padding-left:var(--wp--preset--spacing--40);flex-basis:1000px\">\n<h2 class=\"wp-block-heading has-text-align-left has-text-color\" style=\"color:#345067;margin-top:0rem;margin-right:0;margin-bottom:var(--wp--preset--spacing--50);padding-top:0;padding-right:0;padding-bottom:0;padding-left:0;font-size:clamp(1.884rem, 1.884rem + ((1vw - 0.2rem) * 2.575), 3.3rem);font-style:normal;font-weight:500;letter-spacing:0px;line-height:1;text-decoration:none;text-transform:none\">Pourquoi j&rsquo;ai cr\u00e9\u00e9 mon agence ?<\/h2>\n\n\n\n<p class=\"has-text-align-left has-text-color\" style=\"color:#010101;margin-top:0rem;margin-right:var(--wp--preset--spacing--40);margin-bottom:var(--wp--preset--spacing--40);margin-left:var(--wp--preset--spacing--40);font-size:clamp(0.875rem, 0.875rem + ((1vw - 0.2rem) * 0.409), 1.1rem);font-style:normal;font-weight:400;line-height:1.5\">Cr\u00e9er <strong>EIR AGENCY<\/strong>, c\u2019\u00e9tait pour moi une \u00e9vidence. Le besoin de concevoir une structure libre, \u00e0 mon image : moderne, intuitive, tourn\u00e9e vers l\u2019avenir. Un espace o\u00f9 la cr\u00e9ation graphique ne se limite pas \u00e0 l\u2019esth\u00e9tique, mais devient un levier strat\u00e9gique au service des id\u00e9es.<\/p>\n\n\n\n<p class=\"has-text-color\" style=\"color:#010101;margin-top:0rem;margin-right:var(--wp--preset--spacing--40);margin-bottom:var(--wp--preset--spacing--40);margin-left:var(--wp--preset--spacing--40);font-size:clamp(0.875rem, 0.875rem + ((1vw - 0.2rem) * 0.409), 1.1rem);font-style:normal;font-weight:400;line-height:1.5\">J\u2019ai imagin\u00e9 cette agence comme un studio ind\u00e9pendant, agile, capable d\u2019accompagner les marques ambitieuses, les entrepreneurs engag\u00e9s et les structures en pleine \u00e9volution. Ici, les outils de demain comme l&rsquo;IA, le no-code et l&rsquo;automatisation rencontrent l\u2019humain, la cr\u00e9ativit\u00e9 et la vision globale du projet. <\/p>\n\n\n\n<p class=\"has-text-color\" style=\"color:#010101;margin-top:0rem;margin-right:var(--wp--preset--spacing--40);margin-bottom:var(--wp--preset--spacing--60);margin-left:var(--wp--preset--spacing--40);font-size:clamp(0.875rem, 0.875rem + ((1vw - 0.2rem) * 0.409), 1.1rem);font-style:normal;font-weight:400;line-height:1.5\">Chaque accompagnement est pens\u00e9 pour r\u00e9v\u00e9ler ce que vous avez de plus fort : votre identit\u00e9.<\/p>\n<\/div>\n<\/div>\n<\/div>\n\n\n\n<section class=\"wp-block-group alignfull has-custom-d-grad-gradient-background has-background has-global-padding is-layout-constrained wp-container-core-group-is-layout-a2f22e64 wp-block-group-is-layout-constrained\" style=\"margin-top:0px;padding-top:var(--wp--preset--spacing--50);padding-right:var(--wp--preset--spacing--40);padding-bottom:var(--wp--preset--spacing--50);padding-left:var(--wp--preset--spacing--40);font-size:clamp(0.875rem, 0.875rem + ((1vw - 0.2rem) * 0.464), 1.13rem);font-style:normal;font-weight:400;line-height:1.4\">\n<div class=\"wp-block-columns is-layout-flex wp-container-core-columns-is-layout-03ad6a19 wp-block-columns-is-layout-flex\" style=\"margin-bottom:0px\">\n<div class=\"wp-block-column is-vertically-aligned-center is-layout-flow wp-block-column-is-layout-flow\" style=\"flex-basis:50%\">\n<figure class=\"wp-block-image aligncenter size-full is-resized has-custom-border\" style=\"margin-right:var(--wp--preset--spacing--20);margin-left:var(--wp--preset--spacing--20)\"><img decoding=\"async\" width=\"1024\" height=\"1024\" src=\"https:\/\/eiragency.com\/wp-content\/uploads\/2025\/12\/Super-man_BG-Blanc_EIR-AGENCY.jpg\" alt=\"\" class=\"wp-image-954\" style=\"border-radius:15px;aspect-ratio:1;object-fit:cover;width:502px;height:auto\" srcset=\"https:\/\/eiragency.com\/wp-content\/uploads\/2025\/12\/Super-man_BG-Blanc_EIR-AGENCY.jpg 1024w, https:\/\/eiragency.com\/wp-content\/uploads\/2025\/12\/Super-man_BG-Blanc_EIR-AGENCY-300x300.jpg 300w, https:\/\/eiragency.com\/wp-content\/uploads\/2025\/12\/Super-man_BG-Blanc_EIR-AGENCY-150x150.jpg 150w, https:\/\/eiragency.com\/wp-content\/uploads\/2025\/12\/Super-man_BG-Blanc_EIR-AGENCY-768x768.jpg 768w\" sizes=\"(max-width: 1024px) 100vw, 1024px\" \/><\/figure>\n<\/div>\n\n\n\n<div class=\"wp-block-column is-vertically-aligned-center has-global-padding is-layout-constrained wp-container-core-column-is-layout-a7101d4c wp-block-column-is-layout-constrained\" style=\"flex-basis:50%\">\n<h2 class=\"wp-block-heading has-text-align-left has-text-color\" style=\"color:#ffffff;margin-top:0.5rem;margin-bottom:0rem;font-size:clamp(28.366px, 1.773rem + ((1vw - 3.2px) * 2.345), 49px);font-style:normal;font-weight:500;letter-spacing:0px;line-height:1.3\">Ma mission<\/h2>\n\n\n\n<p class=\"has-text-align-left has-text-color has-pontano-sans-font-family\" style=\"color:#ffffff;margin-top:20px;margin-bottom:20px;font-size:clamp(14px, 0.875rem + ((1vw - 3.2px) * 0.455), 18px);font-style:normal;font-weight:400;line-height:1.5\">Faire \u00e9merger ce qui vous distingue, et le traduire avec justesse et impact \u00e0 travers des supports visuels efficaces. <br>Je con\u00e7ois des strat\u00e9gies de communication sur mesure, toujours align\u00e9es avec vos valeurs et votre public, en m\u00ealant cr\u00e9ativit\u00e9, exigence et sens strat\u00e9gique.<\/p>\n\n\n\n<p class=\"has-text-align-left has-text-color has-pontano-sans-font-family\" style=\"color:#ffffff;margin-top:20px;margin-bottom:20px;font-size:clamp(14px, 0.875rem + ((1vw - 3.2px) * 0.455), 18px);font-style:normal;font-weight:400;line-height:1.5\">Gr\u00e2ce \u00e0 mon expertise et \u00e0 la force de mon r\u00e9seau de professionnels, je peux mobiliser les meilleures comp\u00e9tences pour r\u00e9pondre \u00e0 tous types de projets : identit\u00e9 visuelle, print, digital, photo, vid\u00e9o, strat\u00e9gie \u2026<\/p>\n\n\n\n<p class=\"has-text-align-left has-text-color has-pontano-sans-font-family\" style=\"color:#ffffff;margin-top:20px;margin-bottom:20px;font-size:clamp(14px, 0.875rem + ((1vw - 3.2px) * 0.455), 18px);font-style:normal;font-weight:400;line-height:1.5\">Mon accompagnement vous permet de <strong>gagner du temps<\/strong>, de vous <strong>recentrer sur l\u2019essentiel<\/strong> et d\u2019avancer en toute <strong>s\u00e9r\u00e9nit\u00e9<\/strong>.<br><br>Chaque collaboration est l\u2019occasion de cr\u00e9er des exp\u00e9riences de marque uniques, capables de g\u00e9n\u00e9rer de l\u2019\u00e9motion, de l\u2019engagement, et surtout, de la valeur durable.<\/p>\n<\/div>\n<\/div>\n<\/section>\n\n\n\n<section class=\"wp-block-group alignfull has-global-padding is-layout-constrained wp-container-core-group-is-layout-5181a992 wp-block-group-is-layout-constrained\" style=\"margin-top:0px;padding-top:2.2rem;padding-right:var(--wp--preset--spacing--40);padding-bottom:2.2rem;padding-left:var(--wp--preset--spacing--40);font-size:clamp(0.875rem, 0.875rem + ((1vw - 0.2rem) * 0.464), 1.13rem);font-style:normal;font-weight:400;line-height:1.4\">\n<div class=\"wp-block-columns is-layout-flex wp-container-core-columns-is-layout-03ad6a19 wp-block-columns-is-layout-flex\" style=\"margin-bottom:0px\">\n<div class=\"wp-block-column is-vertically-aligned-center has-global-padding is-layout-constrained wp-container-core-column-is-layout-c4a7d96a wp-block-column-is-layout-constrained\" style=\"flex-basis:50%\">\n<h2 class=\"wp-block-heading has-text-align-left has-text-color has-suranna-font-family\" style=\"color:#345067;margin-top:0.5rem;margin-bottom:0rem;font-size:clamp(24.034px, 1.502rem + ((1vw - 3.2px) * 1.814), 40px);font-style:normal;font-weight:500;letter-spacing:0px;line-height:1.3\">Ce qui rend mon accompagnement unique<\/h2>\n\n\n\n<p class=\"has-text-align-left has-text-color has-pontano-sans-font-family\" style=\"color:#000000;margin-top:20px;margin-bottom:20px;font-size:clamp(14px, 0.875rem + ((1vw - 3.2px) * 0.455), 18px);font-style:normal;font-weight:400;line-height:1.5\">Ce qui fait la diff\u00e9rence chez <strong>EIR AGENCY<\/strong>, c\u2019est une approche humaine, sinc\u00e8re et orient\u00e9e r\u00e9sultats. Je prends le temps de comprendre votre univers, vos objectifs et vos contraintes, pour construire des solutions qui vous ressemblent vraiment.<\/p>\n\n\n\n<p class=\"has-text-align-left has-text-color has-pontano-sans-font-family\" style=\"color:#000000;margin-top:20px;margin-bottom:20px;font-size:clamp(14px, 0.875rem + ((1vw - 3.2px) * 0.455), 18px);font-style:normal;font-weight:400;line-height:1.5\">Mon accompagnement repose sur trois piliers : l\u2019<strong>\u00e9coute<\/strong>, l\u2019<strong>innovation<\/strong> et la <strong>qualit\u00e9<\/strong>. J\u2019avance avec honn\u00eatet\u00e9 et transparence, en int\u00e9grant les outils et tendances les plus actuels pour vous faire gagner en visibilit\u00e9, pertinence et performance. <\/p>\n\n\n\n<p class=\"has-text-align-left has-text-color has-pontano-sans-font-family\" style=\"color:#000000;margin-top:20px;margin-bottom:20px;font-size:clamp(14px, 0.875rem + ((1vw - 3.2px) * 0.455), 18px);font-style:normal;font-weight:400;line-height:1.5\">Chaque projet est men\u00e9 avec soin, avec un regard aff\u00fbt\u00e9 sur les d\u00e9tails, pour que vous puissiez grandir en confiance, avec une image forte, coh\u00e9rente et inspirante.<\/p>\n<\/div>\n\n\n\n<div class=\"wp-block-column is-vertically-aligned-center is-layout-flow wp-block-column-is-layout-flow\" style=\"flex-basis:50%\">\n<figure class=\"wp-block-image aligncenter size-full is-resized has-custom-border\"><img decoding=\"async\" src=\"https:\/\/eiragency.com\/wp-content\/uploads\/2025\/12\/Acommpagnement-unique_EIR-AGENCY_2.jpg\" alt=\"\" class=\"wp-image-1216\" style=\"border-style:none;border-width:0px;border-radius:15px;aspect-ratio:1;object-fit:cover;width:502px\"\/><\/figure>\n<\/div>\n<\/div>\n<\/section>\n","protected":false},"excerpt":{"rendered":"<p>Qui suis-je ? Je suis Pauline, fondatrice de EIR AGENCY, graphiste passionn\u00e9e par le design graphique, les visions qui fa\u00e7onnent l\u2019identit\u00e9 des marques, les technologies \u00e9mergentes et les nouveaux outils de cr\u00e9ation. Depuis plus de dix ans, j\u2019\u00e9volue dans l\u2019univers du print et du digital, avec une sensibilit\u00e9 particuli\u00e8re pour les projets o\u00f9 strat\u00e9gie, esth\u00e9tique [&hellip;]<\/p>\n","protected":false},"author":1,"featured_media":0,"parent":0,"menu_order":0,"comment_status":"closed","ping_status":"closed","template":"","meta":{"footnotes":""},"class_list":["post-14","page","type-page","status-publish","hentry"],"featured_image_src":null,"_links":{"self":[{"href":"https:\/\/eiragency.com\/index.php\/wp-json\/wp\/v2\/pages\/14","targetHints":{"allow":["GET"]}}],"collection":[{"href":"https:\/\/eiragency.com\/index.php\/wp-json\/wp\/v2\/pages"}],"about":[{"href":"https:\/\/eiragency.com\/index.php\/wp-json\/wp\/v2\/types\/page"}],"author":[{"embeddable":true,"href":"https:\/\/eiragency.com\/index.php\/wp-json\/wp\/v2\/users\/1"}],"replies":[{"embeddable":true,"href":"https:\/\/eiragency.com\/index.php\/wp-json\/wp\/v2\/comments?post=14"}],"version-history":[{"count":91,"href":"https:\/\/eiragency.com\/index.php\/wp-json\/wp\/v2\/pages\/14\/revisions"}],"predecessor-version":[{"id":1235,"href":"https:\/\/eiragency.com\/index.php\/wp-json\/wp\/v2\/pages\/14\/revisions\/1235"}],"wp:attachment":[{"href":"https:\/\/eiragency.com\/index.php\/wp-json\/wp\/v2\/media?parent=14"}],"curies":[{"name":"wp","href":"https:\/\/api.w.org\/{rel}","templated":true}]}}