{"id":18,"date":"2025-06-23T17:48:59","date_gmt":"2025-06-23T15:48:59","guid":{"rendered":"https:\/\/eiragency.com\/?page_id=18"},"modified":"2025-12-29T21:26:03","modified_gmt":"2025-12-29T20:26:03","slug":"contact","status":"publish","type":"page","link":"https:\/\/eiragency.com\/index.php\/contact\/","title":{"rendered":"Contact"},"content":{"rendered":"\n<div class=\"wp-block-cover alignfull\" style=\"margin-top:0;margin-bottom:0;padding-top:0px;padding-bottom:80px;min-height:300px;aspect-ratio:unset;\"><img fetchpriority=\"high\" decoding=\"async\" width=\"1024\" height=\"1024\" class=\"wp-block-cover__image-background wp-image-923 size-full\" alt=\"\" src=\"https:\/\/eiragency.com\/wp-content\/uploads\/2025\/12\/Prendre-contact-devis_EIR-AGENCY.png\" data-object-fit=\"cover\" srcset=\"https:\/\/eiragency.com\/wp-content\/uploads\/2025\/12\/Prendre-contact-devis_EIR-AGENCY.png 1024w, https:\/\/eiragency.com\/wp-content\/uploads\/2025\/12\/Prendre-contact-devis_EIR-AGENCY-300x300.png 300w, https:\/\/eiragency.com\/wp-content\/uploads\/2025\/12\/Prendre-contact-devis_EIR-AGENCY-150x150.png 150w, https:\/\/eiragency.com\/wp-content\/uploads\/2025\/12\/Prendre-contact-devis_EIR-AGENCY-768x768.png 768w\" sizes=\"(max-width: 1024px) 100vw, 1024px\" \/><span aria-hidden=\"true\" class=\"wp-block-cover__background has-background-dim-100 has-background-dim wp-block-cover__gradient-background has-background-gradient\" style=\"background:linear-gradient(173deg,rgb(9,16,26) 0%,rgb(61,87,110) 100%)\"><\/span><div class=\"wp-block-cover__inner-container has-global-padding is-layout-constrained wp-block-cover-is-layout-constrained\">\n<div style=\"height:150px\" aria-hidden=\"true\" class=\"wp-block-spacer\"><\/div>\n\n\n\n<h1 class=\"wp-block-heading has-text-align-left has-text-color has-link-color has-system-font-font-family wp-elements-971114d6b799bb70962e31d4c36d914b\" style=\"color:#ffffff;font-size:clamp(38.682px, 2.418rem + ((1vw - 3.2px) * 3.786), 72px);font-style:normal;font-weight:500\">Un besoin, une id\u00e9e, un brief ? <br>Je suis \u00e0 votre \u00e9coute.<\/h1>\n<\/div><\/div>\n\n\n\n<section class=\"wp-block-group alignfull has-text-color has-global-padding is-layout-constrained wp-container-core-group-is-layout-69d101b0 wp-block-group-is-layout-constrained\" style=\"color:#03081e;margin-top:0px;padding-top:4rem;padding-right:var(--wp--preset--spacing--40);padding-bottom:0rem;padding-left:var(--wp--preset--spacing--40);font-size:clamp(0.875rem, 0.875rem + ((1vw - 0.2rem) * 0.464), 1.13rem);font-style:normal;font-weight:400;line-height:1.4\">\n<div class=\"wp-block-group alignfull has-text-color has-global-padding is-layout-constrained wp-container-core-group-is-layout-1dd949f1 wp-block-group-is-layout-constrained\" style=\"color:#252525;margin-top:0px;margin-bottom:0;padding-top:0rem;padding-right:1rem;padding-bottom:0rem;padding-left:1rem;font-size:clamp(0.875rem, 0.875rem + ((1vw - 0.2rem) * 0.464), 1.13rem);font-style:normal;font-weight:400;line-height:1.4\">\n<div class=\"wp-block-group alignwide has-global-padding is-layout-constrained wp-block-group-is-layout-constrained\">\n<div class=\"wp-block-group has-global-padding is-layout-constrained wp-block-group-is-layout-constrained\">\n<h2 class=\"wp-block-heading has-text-align-center has-custom-bg-1-color has-text-color\" style=\"margin-bottom:0.51rem;font-size:clamp(1.6rem, 1.6rem + ((1vw - 0.2rem) * 2), 2.7rem);font-style:normal;font-weight:500;line-height:1.2\">Contactez EIR AGENCY<\/h2>\n\n\n\n<p class=\"has-text-align-center has-text-color\" style=\"color:#575763;margin-top:0rem;font-size:clamp(0.875rem, 0.875rem + ((1vw - 0.2rem) * 0.064), 0.91rem);font-style:normal;font-weight:400;line-height:1.5\">Vous avez une id\u00e9e, un besoin graphique ou un projet en t\u00eate ? <\/p>\n\n\n\n<p class=\"has-text-align-center has-text-color\" style=\"color:#575763;margin-top:0rem;font-size:clamp(0.875rem, 0.875rem + ((1vw - 0.2rem) * 0.064), 0.91rem);font-style:normal;font-weight:400;line-height:1.5\">Chaque message est lu avec attention. R\u00e9ponse rapide assur\u00e9e. N\u2019h\u00e9sitez pas \u00e0 d\u00e9tailler votre demande, je me ferai un plaisir de vous recontacter au plus vite.<\/p>\n\n\n\n<figure class=\"wp-block-image alignwide size-full has-custom-border\"><img decoding=\"async\" src=\"https:\/\/eiragency.com\/wp-content\/uploads\/2025\/12\/Pauline_Vaz-Figueira_Profil_Macbook_2.jpg\" alt=\"\" class=\"wp-image-842\" style=\"border-radius:15px\"\/><\/figure>\n\n\n<style id=\"wpforms-css-vars-86-block-15e41f3c-1455-4730-a4dc-f0255477cab8\">\n\t\t\t\t#wpforms-86.wpforms-block-15e41f3c-1455-4730-a4dc-f0255477cab8 {\n\t\t\t\t--wpforms-label-color: #345067;\n--wpforms-label-sublabel-color: #979797;\n--wpforms-label-error-color: #ff0000;\n--wpforms-page-break-color: #dddddd;\n--wpforms-field-border-radius: 20px;\n--wpforms-field-border-color: #cccccc;\n--wpforms-field-border-color-spare: #cccccc;\n--wpforms-field-text-color: #4d4d4d;\n--wpforms-button-border-style: solid;\n--wpforms-button-border-radius: 20px;\n--wpforms-button-background-color: #345067;\n--wpforms-button-text-color: #fefefe;\n--wpforms-button-border-color: #345067;\n--wpforms-field-size-input-height: 43px;\n--wpforms-field-size-input-spacing: 15px;\n--wpforms-field-size-font-size: 16px;\n--wpforms-field-size-line-height: 19px;\n--wpforms-field-size-padding-h: 14px;\n--wpforms-field-size-checkbox-size: 16px;\n--wpforms-field-size-sublabel-spacing: 5px;\n--wpforms-field-size-icon-size: 1;\n--wpforms-label-size-font-size: 14px;\n--wpforms-label-size-line-height: 17px;\n--wpforms-label-size-sublabel-font-size: 13px;\n--wpforms-label-size-sublabel-line-height: 16px;\n--wpforms-button-size-font-size: 17px;\n--wpforms-button-size-height: 41px;\n--wpforms-button-size-padding-h: 15px;\n--wpforms-button-size-margin-top: 10px;\n\t\t\t}\n\t\t\t<\/style><div class=\"wpforms-container wpforms-container-full wpforms-block wpforms-block-15e41f3c-1455-4730-a4dc-f0255477cab8 wpforms-render-modern\" id=\"wpforms-86\"><form id=\"wpforms-form-86\" class=\"wpforms-validate wpforms-form wpforms-ajax-form\" data-formid=\"86\" method=\"post\" enctype=\"multipart\/form-data\" action=\"\/index.php\/wp-json\/wp\/v2\/pages\/18\" data-token=\"aec26882ae4eae17bc54e6ddc6f30b1a\" data-token-time=\"1776340552\"><noscript class=\"wpforms-error-noscript\">Veuillez activer JavaScript dans votre navigateur pour remplir ce formulaire.<\/noscript><div id=\"wpforms-error-noscript\" style=\"display: none;\">Veuillez activer JavaScript dans votre navigateur pour remplir ce formulaire.<\/div><div class=\"wpforms-field-container\"><div id=\"wpforms-86-field_1-container\" class=\"wpforms-field wpforms-field-name\" data-field-id=\"1\"><fieldset><legend class=\"wpforms-field-label\">Votre Identit\u00e9 <span class=\"wpforms-required-label\" aria-hidden=\"true\">*<\/span><\/legend><div class=\"wpforms-field-row wpforms-field-large\"><div class=\"wpforms-field-row-block wpforms-first wpforms-one-half\"><input type=\"text\" id=\"wpforms-86-field_1\" class=\"wpforms-field-name-first wpforms-field-required\" name=\"wpforms[fields][1][first]\" aria-errormessage=\"wpforms-86-field_1-error\" required><label for=\"wpforms-86-field_1\" class=\"wpforms-field-sublabel after\">Pr\u00e9nom<\/label><\/div><div class=\"wpforms-field-row-block wpforms-one-half\"><input type=\"text\" id=\"wpforms-86-field_1-last\" class=\"wpforms-field-name-last wpforms-field-required\" name=\"wpforms[fields][1][last]\" aria-errormessage=\"wpforms-86-field_1-last-error\" required><label for=\"wpforms-86-field_1-last\" class=\"wpforms-field-sublabel after\">Nom<\/label><\/div><\/div><\/fieldset><\/div><div id=\"wpforms-86-field_9-container\" class=\"wpforms-field wpforms-field-name\" data-field-id=\"9\"><label class=\"wpforms-field-label\" for=\"wpforms-86-field_9\">Entreprise<\/label><input type=\"text\" id=\"wpforms-86-field_9\" class=\"wpforms-field-large\" name=\"wpforms[fields][9]\" aria-errormessage=\"wpforms-86-field_9-error\" ><\/div><div id=\"wpforms-86-field_2-container\" class=\"wpforms-field wpforms-field-email\" data-field-id=\"2\"><label class=\"wpforms-field-label\" for=\"wpforms-86-field_2\">Adresse e-mail <span class=\"wpforms-required-label\" aria-hidden=\"true\">*<\/span><\/label><input type=\"email\" id=\"wpforms-86-field_2\" class=\"wpforms-field-medium wpforms-field-required\" name=\"wpforms[fields][2]\" spellcheck=\"false\" aria-errormessage=\"wpforms-86-field_2-error\" required><\/div><div id=\"wpforms-86-field_6-container\" class=\"wpforms-field wpforms-field-textarea\" data-field-id=\"6\"><label class=\"wpforms-field-label\" for=\"wpforms-86-field_6\">D\u00e9crivez votre projet ou votre demande <span class=\"wpforms-required-label\" aria-hidden=\"true\">*<\/span><\/label><textarea id=\"wpforms-86-field_6\" class=\"wpforms-field-medium wpforms-field-required\" name=\"wpforms[fields][6]\" aria-errormessage=\"wpforms-86-field_6-error\" required><\/textarea><\/div>\t\t<div id=\"wpforms-86-field_3-container\"\n\t\t\tclass=\"wpforms-field wpforms-field-text\"\n\t\t\tdata-field-type=\"text\"\n\t\t\tdata-field-id=\"3\"\n\t\t\t>\n\t\t\t<label class=\"wpforms-field-label\" for=\"wpforms-86-field_3\" >Adresse ? D\u00e9crivez<\/label>\n\t\t\t<input type=\"text\" id=\"wpforms-86-field_3\" class=\"wpforms-field-medium\" name=\"wpforms[fields][3]\" >\n\t\t<\/div>\n\t\t<div id=\"wpforms-86-field_7-container\" class=\"wpforms-field wpforms-field-select wpforms-field-select-style-classic\" data-field-id=\"7\"><label class=\"wpforms-field-label\" for=\"wpforms-86-field_7\">Comment avez-vous connu notre agence ?<\/label><select id=\"wpforms-86-field_7\" class=\"wpforms-field-medium\" name=\"wpforms[fields][7]\"><option value=\"\" class=\"placeholder\" disabled  selected='selected'>&#8212; S\u00e9lectionner un choix &#8212;<\/option><option value=\"Recherche internet\"  class=\"choice-1 depth-1\"  >Recherche internet<\/option><option value=\"R\u00e9seaux sociaux\"  class=\"choice-2 depth-1\"  >R\u00e9seaux sociaux<\/option><option value=\"Recommandation\"  class=\"choice-3 depth-1\"  >Recommandation<\/option><option value=\"Autre\"  class=\"choice-4 depth-1\"  >Autre<\/option><\/select><\/div><script>\n\t\t\t\t( function() {\n\t\t\t\t\tconst style = document.createElement( 'style' );\n\t\t\t\t\tstyle.appendChild( document.createTextNode( '#wpforms-86-field_3-container { position: absolute !important; overflow: hidden !important; display: inline !important; height: 1px !important; width: 1px !important; z-index: -1000 !important; padding: 0 !important; } #wpforms-86-field_3-container input { visibility: hidden; } #wpforms-conversational-form-page #wpforms-86-field_3-container label { counter-increment: none; }' ) );\n\t\t\t\t\tdocument.head.appendChild( style );\n\t\t\t\t\tdocument.currentScript?.remove();\n\t\t\t\t} )();\n\t\t\t<\/script><\/div><!-- .wpforms-field-container --><div class=\"wpforms-submit-container\" ><input type=\"hidden\" name=\"wpforms[id]\" value=\"86\"><input type=\"hidden\" name=\"page_title\" value=\"\"><input type=\"hidden\" name=\"page_url\" value=\"https:\/\/eiragency.com\/index.php\/wp-json\/wp\/v2\/pages\/18\"><input type=\"hidden\" name=\"url_referer\" value=\"\"><button type=\"submit\" name=\"wpforms[submit]\" id=\"wpforms-submit-86\" class=\"wpforms-submit\" data-alt-text=\"Envoi...\" data-submit-text=\"Envoyer ma demande\" aria-live=\"assertive\" value=\"wpforms-submit\">Envoyer ma demande<\/button><img decoding=\"async\" src=\"https:\/\/eiragency.com\/wp-content\/plugins\/wpforms-lite\/assets\/images\/submit-spin.svg\" class=\"wpforms-submit-spinner\" style=\"display: none;\" width=\"26\" height=\"26\" alt=\"Chargement en cours\"><\/div><\/form><\/div>  <!-- .wpforms-container --><\/div>\n<\/div>\n<\/div>\n\n\n\n<div class=\"wp-block-cover alignfull has-parallax\" style=\"margin-top:0;margin-bottom:0;padding-top:var(--wp--preset--spacing--70)\"><div class=\"wp-block-cover__image-background wp-image-900 size-full has-parallax\" style=\"background-position:50% 50%;background-image:url(https:\/\/eiragency.com\/wp-content\/uploads\/2025\/12\/Ville-moderne-lumiere_EIR-AGENCY.jpg)\"><\/div><span aria-hidden=\"true\" class=\"wp-block-cover__background has-custom-bg-3-background-color has-background-dim\"><\/span><div class=\"wp-block-cover__inner-container has-global-padding is-layout-constrained wp-container-core-cover-is-layout-b897875a wp-block-cover-is-layout-constrained\">\n<p class=\"has-text-align-center has-text-color has-link-color has-large-font-size wp-elements-363bad1ec6c6d3eb25d8678dfd23ba52\" style=\"color:#ffffff;margin-top:0\"><strong>Toujours connect\u00e9e \u00e0 vos projets, o\u00f9 que vous soyez !<\/strong><\/p>\n\n\n\n<div class=\"wp-block-columns is-layout-flex wp-container-core-columns-is-layout-28f84493 wp-block-columns-is-layout-flex\">\n<div class=\"wp-block-column is-layout-flow wp-block-column-is-layout-flow\">\n<div class=\"wp-block-group has-global-padding is-layout-constrained wp-container-core-group-is-layout-2218ac57 wp-block-group-is-layout-constrained\" style=\"min-height:0px;padding-top:5%;padding-bottom:4.01rem\">\n<div class=\"wp-block-columns is-layout-flex wp-container-core-columns-is-layout-394952b5 wp-block-columns-is-layout-flex\">\n<div class=\"wp-block-column is-vertically-aligned-top has-global-padding is-layout-constrained wp-container-core-column-is-layout-d4f51017 wp-block-column-is-layout-constrained\" style=\"padding-left:1rem\">\n<div class=\"wp-block-columns is-not-stacked-on-mobile is-layout-flex wp-container-core-columns-is-layout-7e464bea wp-block-columns-is-layout-flex\">\n<div class=\"wp-block-column is-layout-flow wp-block-column-is-layout-flow\" style=\"flex-basis:20%\">\n<figure class=\"wp-block-image size-full\"><img decoding=\"async\" width=\"667\" height=\"667\" src=\"https:\/\/eiragency.com\/wp-content\/uploads\/2025\/12\/Picto-Localisation_EIR-AGENCY.png\" alt=\"\" class=\"wp-image-859\" srcset=\"https:\/\/eiragency.com\/wp-content\/uploads\/2025\/12\/Picto-Localisation_EIR-AGENCY.png 667w, https:\/\/eiragency.com\/wp-content\/uploads\/2025\/12\/Picto-Localisation_EIR-AGENCY-300x300.png 300w, https:\/\/eiragency.com\/wp-content\/uploads\/2025\/12\/Picto-Localisation_EIR-AGENCY-150x150.png 150w\" sizes=\"(max-width: 667px) 100vw, 667px\" \/><\/figure>\n<\/div>\n\n\n\n<div class=\"wp-block-column is-layout-flow wp-container-core-column-is-layout-8a368f38 wp-block-column-is-layout-flow\" style=\"flex-basis:100%\">\n<h6 class=\"wp-block-heading has-text-align-left has-text-color\" style=\"color:#ffffff;margin-bottom:5px;font-size:clamp(0.875rem, 0.875rem + ((1vw - 0.2rem) * 0.645), 1.23rem);font-style:normal;font-weight:400;line-height:1.3;text-transform:capitalize\"><strong>Localisation<\/strong><\/h6>\n\n\n\n<p class=\"has-text-align-left has-text-color\" style=\"color:#ffffff;margin-top:0px;margin-bottom:10px;font-size:clamp(0.875em, 0.875rem + ((1vw - 0.2em) * 0.064), 0.91em);font-style:normal;font-weight:400;line-height:1.5\">M\u00e9tropole lilloise<br>Distanciel : France &amp; Belgique<\/p>\n\n\n\n<p class=\"has-text-align-left has-text-color\" style=\"color:#8898ae;margin-top:0px;margin-bottom:0.51rem;font-size:clamp(0.875em, 0.875rem + ((1vw - 0.2em) * 0.064), 0.91em);font-style:normal;font-weight:400;line-height:1.5\"><em>D\u00e9placements possibles <\/em><br><em>selon le projet et les besoins<\/em><\/p>\n<\/div>\n\n\n\n<div class=\"wp-block-column has-global-padding is-content-justification-right is-layout-constrained wp-container-core-column-is-layout-f1f2ed93 wp-block-column-is-layout-constrained\" style=\"border-top-left-radius:0px;border-top-right-radius:0px;border-bottom-left-radius:0px;border-bottom-right-radius:0px;flex-basis:3px\"><\/div>\n<\/div>\n<\/div>\n\n\n\n<div class=\"wp-block-column is-vertically-aligned-top has-global-padding is-layout-constrained wp-container-core-column-is-layout-d4f51017 wp-block-column-is-layout-constrained\" style=\"padding-left:1rem\">\n<div class=\"wp-block-columns is-not-stacked-on-mobile is-layout-flex wp-container-core-columns-is-layout-7e464bea wp-block-columns-is-layout-flex\">\n<div class=\"wp-block-column is-layout-flow wp-block-column-is-layout-flow\" style=\"flex-basis:20%\">\n<figure class=\"wp-block-image size-full\"><img loading=\"lazy\" decoding=\"async\" width=\"667\" height=\"667\" src=\"https:\/\/eiragency.com\/wp-content\/uploads\/2025\/12\/Picto-Dialogue_EIR-AGENCY.webp\" alt=\"\" class=\"wp-image-857\" style=\"object-fit:cover\" srcset=\"https:\/\/eiragency.com\/wp-content\/uploads\/2025\/12\/Picto-Dialogue_EIR-AGENCY.webp 667w, https:\/\/eiragency.com\/wp-content\/uploads\/2025\/12\/Picto-Dialogue_EIR-AGENCY-300x300.webp 300w, https:\/\/eiragency.com\/wp-content\/uploads\/2025\/12\/Picto-Dialogue_EIR-AGENCY-150x150.webp 150w\" sizes=\"(max-width: 667px) 100vw, 667px\" \/><\/figure>\n<\/div>\n\n\n\n<div class=\"wp-block-column is-layout-flow wp-block-column-is-layout-flow\" style=\"flex-basis:100%\">\n<h6 class=\"wp-block-heading has-text-align-left has-text-color\" style=\"color:#ffffff;margin-bottom:5px;font-size:clamp(0.875rem, 0.875rem + ((1vw - 0.2rem) * 0.645), 1.23rem);font-style:normal;font-weight:400;line-height:1.3;text-transform:capitalize\"><strong>contact<\/strong><\/h6>\n\n\n\n<p class=\"has-text-align-left has-text-color has-link-color wp-elements-1cc27e351b4df04e90e7c7dcb29ee6c2\" style=\"color:#ffffff;margin-top:0px;margin-bottom:10px;font-size:clamp(0.875em, 0.875rem + ((1vw - 0.2em) * 0.064), 0.91em);font-style:normal;font-weight:400;line-height:1.5;text-decoration:none\">Tel. : 06 76 29 50 48<br>E-Mail : <a href=\"mailto:contact@eiragency.com\">contact@eiragency.com<\/a><em> <\/em> <\/p>\n\n\n\n<p class=\"has-text-align-left has-text-color has-link-color wp-elements-205c67e143a7790738e73a2dacfbfab9\" style=\"color:#8898ae;margin-top:0px;font-size:clamp(0.875em, 0.875rem + ((1vw - 0.2em) * 0.064), 0.91em);font-style:normal;font-weight:400;line-height:1.5;text-decoration:none\"><em>R\u00e9ponse rapide assur\u00e9e <\/em><br><em>par mail ou t\u00e9l\u00e9phone<\/em><\/p>\n<\/div>\n<\/div>\n<\/div>\n\n\n\n<div class=\"wp-block-column is-vertically-aligned-top has-global-padding is-content-justification-center is-layout-constrained wp-container-core-column-is-layout-4fae4cd2 wp-block-column-is-layout-constrained\" style=\"padding-left:1rem\">\n<div class=\"wp-block-columns is-not-stacked-on-mobile is-layout-flex wp-container-core-columns-is-layout-7e464bea wp-block-columns-is-layout-flex\">\n<div class=\"wp-block-column is-layout-flow wp-block-column-is-layout-flow\" style=\"flex-basis:20%\">\n<figure class=\"wp-block-image size-full\"><img loading=\"lazy\" decoding=\"async\" width=\"667\" height=\"667\" src=\"https:\/\/eiragency.com\/wp-content\/uploads\/2025\/12\/Picto-Etablissement_EIR-AGENCY.png\" alt=\"\" class=\"wp-image-858\" style=\"object-fit:cover\" srcset=\"https:\/\/eiragency.com\/wp-content\/uploads\/2025\/12\/Picto-Etablissement_EIR-AGENCY.png 667w, https:\/\/eiragency.com\/wp-content\/uploads\/2025\/12\/Picto-Etablissement_EIR-AGENCY-300x300.png 300w, https:\/\/eiragency.com\/wp-content\/uploads\/2025\/12\/Picto-Etablissement_EIR-AGENCY-150x150.png 150w\" sizes=\"(max-width: 667px) 100vw, 667px\" \/><\/figure>\n<\/div>\n\n\n\n<div class=\"wp-block-column is-layout-flow wp-block-column-is-layout-flow\" style=\"flex-basis:100%\">\n<h6 class=\"wp-block-heading has-text-align-left has-text-color\" style=\"color:#ffffff;margin-bottom:5px;font-size:clamp(0.875rem, 0.875rem + ((1vw - 0.2rem) * 0.645), 1.23rem);font-style:normal;font-weight:400;line-height:1.3;text-transform:capitalize\"><strong>Heures d&rsquo;ouverture<\/strong><\/h6>\n\n\n\n<div class=\"wp-block-group has-global-padding is-layout-constrained wp-container-core-group-is-layout-fb806a89 wp-block-group-is-layout-constrained\" style=\"margin-top:0px;margin-bottom:0px;padding-top:0px;padding-right:0px;padding-bottom:0px;padding-left:0px\">\n<p class=\"has-text-align-left has-text-color\" style=\"color:#ffffff;margin-top:0px;margin-right:5px;margin-bottom:10px;margin-left:0px;font-size:clamp(0.875em, 0.875rem + ((1vw - 0.2em) * 0.064), 0.91em);font-style:normal;font-weight:400;line-height:1.5\">Lundi au vendredi :<br>09h &#8211; 12h \/ 14h &#8211; 17h<\/p>\n\n\n\n<p class=\"has-text-align-left has-text-color\" style=\"color:#8898ae;margin-top:0px;margin-bottom:0.51rem;font-size:clamp(0.875em, 0.875rem + ((1vw - 0.2em) * 0.064), 0.91em);font-style:normal;font-weight:400;line-height:1.5\"><em>Possibilit\u00e9 de rendez-vous <\/em><br><em>en dehors de ces horaires<\/em><\/p>\n<\/div>\n<\/div>\n<\/div>\n<\/div>\n<\/div>\n<\/div>\n<\/div>\n<\/div>\n<\/div><\/div>\n<\/section>\n","protected":false},"excerpt":{"rendered":"<p>Contactez EIR AGENCY Vous avez une id\u00e9e, un besoin graphique ou un projet en t\u00eate ? Chaque message est lu avec attention. R\u00e9ponse rapide assur\u00e9e. N\u2019h\u00e9sitez pas \u00e0 d\u00e9tailler votre demande, je me ferai un plaisir de vous recontacter au plus vite.<\/p>\n","protected":false},"author":1,"featured_media":0,"parent":0,"menu_order":0,"comment_status":"closed","ping_status":"closed","template":"","meta":{"footnotes":""},"class_list":["post-18","page","type-page","status-publish","hentry"],"featured_image_src":null,"_links":{"self":[{"href":"https:\/\/eiragency.com\/index.php\/wp-json\/wp\/v2\/pages\/18","targetHints":{"allow":["GET"]}}],"collection":[{"href":"https:\/\/eiragency.com\/index.php\/wp-json\/wp\/v2\/pages"}],"about":[{"href":"https:\/\/eiragency.com\/index.php\/wp-json\/wp\/v2\/types\/page"}],"author":[{"embeddable":true,"href":"https:\/\/eiragency.com\/index.php\/wp-json\/wp\/v2\/users\/1"}],"replies":[{"embeddable":true,"href":"https:\/\/eiragency.com\/index.php\/wp-json\/wp\/v2\/comments?post=18"}],"version-history":[{"count":51,"href":"https:\/\/eiragency.com\/index.php\/wp-json\/wp\/v2\/pages\/18\/revisions"}],"predecessor-version":[{"id":1226,"href":"https:\/\/eiragency.com\/index.php\/wp-json\/wp\/v2\/pages\/18\/revisions\/1226"}],"wp:attachment":[{"href":"https:\/\/eiragency.com\/index.php\/wp-json\/wp\/v2\/media?parent=18"}],"curies":[{"name":"wp","href":"https:\/\/api.w.org\/{rel}","templated":true}]}}